{"id":33,"date":"2022-06-16T17:38:26","date_gmt":"2022-06-16T15:38:26","guid":{"rendered":"http:\/\/www.photo-identite-rennes.fr\/?page_id=33"},"modified":"2026-02-20T11:40:21","modified_gmt":"2026-02-20T10:40:21","slug":"contact-studio-photo-identite-a-rennes-christophe-lecrenais","status":"publish","type":"page","link":"https:\/\/www.photo-identite-rennes.fr\/index.php\/contact-studio-photo-identite-a-rennes-christophe-lecrenais\/","title":{"rendered":"Contact"},"content":{"rendered":"\t\t<div data-elementor-type=\"wp-page\" data-elementor-id=\"33\" class=\"elementor elementor-33\">\n\t\t\t\t\t\t\t\t\t<section class=\"elementor-section elementor-top-section elementor-element elementor-element-ba3d2f9 elementor-section-boxed elementor-section-height-default elementor-section-height-default\" data-id=\"ba3d2f9\" data-element_type=\"section\">\n\t\t\t\t\t\t<div class=\"elementor-container elementor-column-gap-default\">\n\t\t\t\t\t<div class=\"elementor-column elementor-col-100 elementor-top-column elementor-element elementor-element-3b55b29\" data-id=\"3b55b29\" data-element_type=\"column\">\n\t\t\t<div class=\"elementor-widget-wrap elementor-element-populated\">\n\t\t\t\t\t\t\t\t<div class=\"elementor-element elementor-element-e472640 elementor-widget elementor-widget-heading\" data-id=\"e472640\" data-element_type=\"widget\" data-widget_type=\"heading.default\">\n\t\t\t\t<div class=\"elementor-widget-container\">\n\t\t\t<style>\/*! elementor - v3.6.6 - 08-06-2022 *\/\n.elementor-heading-title{padding:0;margin:0;line-height:1}.elementor-widget-heading .elementor-heading-title[class*=elementor-size-]>a{color:inherit;font-size:inherit;line-height:inherit}.elementor-widget-heading .elementor-heading-title.elementor-size-small{font-size:15px}.elementor-widget-heading .elementor-heading-title.elementor-size-medium{font-size:19px}.elementor-widget-heading .elementor-heading-title.elementor-size-large{font-size:29px}.elementor-widget-heading .elementor-heading-title.elementor-size-xl{font-size:39px}.elementor-widget-heading .elementor-heading-title.elementor-size-xxl{font-size:59px}<\/style><h1 class=\"elementor-heading-title elementor-size-default\">Contact \u2013 Studio photo identit\u00e9 \u00e0 Rennes<\/h1>\t\t<\/div>\n\t\t\t\t<\/div>\n\t\t\t\t<div class=\"elementor-element elementor-element-31967b6 elementor-widget elementor-widget-text-editor\" data-id=\"31967b6\" data-element_type=\"widget\" data-widget_type=\"text-editor.default\">\n\t\t\t\t<div class=\"elementor-widget-container\">\n\t\t\t<style>\/*! elementor - v3.6.6 - 08-06-2022 *\/\n.elementor-widget-text-editor.elementor-drop-cap-view-stacked .elementor-drop-cap{background-color:#818a91;color:#fff}.elementor-widget-text-editor.elementor-drop-cap-view-framed .elementor-drop-cap{color:#818a91;border:3px solid;background-color:transparent}.elementor-widget-text-editor:not(.elementor-drop-cap-view-default) .elementor-drop-cap{margin-top:8px}.elementor-widget-text-editor:not(.elementor-drop-cap-view-default) .elementor-drop-cap-letter{width:1em;height:1em}.elementor-widget-text-editor .elementor-drop-cap{float:left;text-align:center;line-height:1;font-size:50px}.elementor-widget-text-editor .elementor-drop-cap-letter{display:inline-block}<\/style>\t\t\t\t<h2><span style=\"font-size: 14px; color: #7a7a7a;\">\u00a0<\/span><span style=\"font-size: 14px; color: #7a7a7a;\">Le studio Christophe Lecrenais vous accueille \u00e0 Rennes pour vos photos d\u2019identit\u00e9 agr\u00e9\u00e9es ANTS et photos officielles. Situ\u00e9 au 83 rue Jean Gu\u00e9henno, \u00e0 proximit\u00e9 du m\u00e9tro Jules Ferry, le studio est facilement accessible. Contactez-nous pour toute information ou pour r\u00e9server votre s\u00e9ance photo.<\/span><\/h2>\t\t\t\t\t\t<\/div>\n\t\t\t\t<\/div>\n\t\t\t\t\t<\/div>\n\t\t<\/div>\n\t\t\t\t\t\t\t<\/div>\n\t\t<\/section>\n\t\t\t\t<section class=\"elementor-section elementor-top-section elementor-element elementor-element-c33a1d6 elementor-section-boxed elementor-section-height-default elementor-section-height-default\" data-id=\"c33a1d6\" data-element_type=\"section\">\n\t\t\t\t\t\t<div class=\"elementor-container elementor-column-gap-default\">\n\t\t\t\t\t<div class=\"elementor-column elementor-col-100 elementor-top-column elementor-element elementor-element-f905fe4\" data-id=\"f905fe4\" data-element_type=\"column\">\n\t\t\t<div class=\"elementor-widget-wrap elementor-element-populated\">\n\t\t\t\t\t\t\t\t<div class=\"elementor-element elementor-element-35b24c5 elementor-align-center elementor-widget elementor-widget-button\" data-id=\"35b24c5\" data-element_type=\"widget\" data-widget_type=\"button.default\">\n\t\t\t\t<div class=\"elementor-widget-container\">\n\t\t\t\t\t<div class=\"elementor-button-wrapper\">\n\t\t\t<a href=\"https:\/\/online.lightbluesoftware.com\/client-portal\/Clcs\/bookings\/E2C58A74EF46BBEE7BC9B3C01F067044.php\" class=\"elementor-button-link elementor-button elementor-size-md\" role=\"button\">\n\t\t\t\t\t\t<span class=\"elementor-button-content-wrapper\">\n\t\t\t\t\t\t<span class=\"elementor-button-text\">Prendre rendez-vous<\/span>\n\t\t<\/span>\n\t\t\t\t\t<\/a>\n\t\t<\/div>\n\t\t\t\t<\/div>\n\t\t\t\t<\/div>\n\t\t\t\t<div class=\"elementor-element elementor-element-f66b0f9 elementor-widget elementor-widget-html\" data-id=\"f66b0f9\" data-element_type=\"widget\" data-widget_type=\"html.default\">\n\t\t\t\t<div class=\"elementor-widget-container\">\n\t\t\t<div style=\"width: 100%;\"><iframe id=\"lbIFrame409D585308CB47F406944EBC33F84E3B\" style=\"border: none; padding: 0; width: 100%;\" scrolling=\"no\" src=\"https:\/\/online.lightbluesoftware.com\/client-portal\/Clcs\/publicforms\/409D585308CB47F406944EBC33F84E3B.php?iFrame=1\">Your browser can't display this asset on this page; please click on <a href=\"https:\/\/online.lightbluesoftware.com\/client-portal\/Clcs\/publicforms\/409D585308CB47F406944EBC33F84E3B.php\">this link<\/a> to open it.<\/iframe><\/div><script type=\"text\/javascript\" src=\"https:\/\/online.lightbluesoftware.com\/js\/iframeResizer.min.js\"><\/script><script type=\"text\/javascript\">var theIFrame = document.getElementById( \"lbIFrame409D585308CB47F406944EBC33F84E3B\" ); iFrameResize( {checkOrigin: false}, theIFrame );<\/script>\t\t<\/div>\n\t\t\t\t<\/div>\n\t\t\t\t\t<\/div>\n\t\t<\/div>\n\t\t\t\t\t\t\t<\/div>\n\t\t<\/section>\n\t\t\t\t<section class=\"elementor-section elementor-top-section elementor-element elementor-element-db3bdbe elementor-section-boxed elementor-section-height-default elementor-section-height-default\" data-id=\"db3bdbe\" data-element_type=\"section\">\n\t\t\t\t\t\t<div class=\"elementor-container elementor-column-gap-default\">\n\t\t\t\t\t<div class=\"elementor-column elementor-col-100 elementor-top-column elementor-element elementor-element-04919fc\" data-id=\"04919fc\" data-element_type=\"column\">\n\t\t\t<div class=\"elementor-widget-wrap elementor-element-populated\">\n\t\t\t\t\t\t\t\t<div class=\"elementor-element elementor-element-5f1c2b0 elementor-widget elementor-widget-google_maps\" data-id=\"5f1c2b0\" data-element_type=\"widget\" data-widget_type=\"google_maps.default\">\n\t\t\t\t<div class=\"elementor-widget-container\">\n\t\t\t<style>\/*! elementor - v3.6.6 - 08-06-2022 *\/\n.elementor-widget-google_maps .elementor-widget-container{overflow:hidden}.elementor-widget-google_maps iframe{height:300px}<\/style>\t\t<div class=\"elementor-custom-embed\">\n\t\t\t<iframe frameborder=\"0\" scrolling=\"no\" marginheight=\"0\" marginwidth=\"0\"\n\t\t\t\t\tsrc=\"https:\/\/maps.google.com\/maps?q=83%20Rue%20Jean%20Gu%C3%A9henno%2C%2035700%20Rennes&#038;t=m&#038;z=10&#038;output=embed&#038;iwloc=near\"\n\t\t\t\t\ttitle=\"83 Rue Jean Gu\u00e9henno, 35700 Rennes\"\n\t\t\t\t\taria-label=\"83 Rue Jean Gu\u00e9henno, 35700 Rennes\"\n\t\t\t><\/iframe>\n\t\t<\/div>\n\t\t\t\t<\/div>\n\t\t\t\t<\/div>\n\t\t\t\t\t<\/div>\n\t\t<\/div>\n\t\t\t\t\t\t\t<\/div>\n\t\t<\/section>\n\t\t\t\t\t\t\t<\/div>\n\t\t","protected":false},"excerpt":{"rendered":"<p>Contact \u2013 Studio photo identit\u00e9 \u00e0 Rennes \u00a0Le studio Christophe Lecrenais vous accueille \u00e0 Rennes pour vos photos d\u2019identit\u00e9 agr\u00e9\u00e9es ANTS et photos officielles. Situ\u00e9 au 83 rue Jean Gu\u00e9henno, \u00e0 proximit\u00e9 du m\u00e9tro Jules Ferry, le studio est facilement accessible. Contactez-nous pour toute information ou pour r\u00e9server votre s\u00e9ance photo. Prendre rendez-vous Your browser [&hellip;]<\/p>\n","protected":false},"author":1,"featured_media":0,"parent":0,"menu_order":0,"comment_status":"closed","ping_status":"closed","template":"","meta":{"footnotes":""},"class_list":["post-33","page","type-page","status-publish","hentry","entry"],"yoast_head":"<!-- This site is optimized with the Yoast SEO plugin v19.5.1 - https:\/\/yoast.com\/wordpress\/plugins\/seo\/ -->\n<title>Studio de Photographie ,Sp\u00e9cialiste de la photo d\u2019identit\u00e9 \u00e0 Rennes<\/title>\n<meta name=\"description\" content=\"Studio de Photographie Chistophe Lecrenais Sp\u00e9cialiste de la photo d\u2019identit\u00e9 \u00e0 Rennes. 83 rue jean Gueh\u00e9nno Rennes\" \/>\n<meta name=\"robots\" content=\"index, follow, max-snippet:-1, max-image-preview:large, max-video-preview:-1\" \/>\n<link rel=\"canonical\" href=\"https:\/\/www.photo-identite-rennes.fr\/index.php\/contact-studio-photo-identite-a-rennes-christophe-lecrenais\/\" \/>\n<meta property=\"og:locale\" content=\"fr_FR\" \/>\n<meta property=\"og:type\" content=\"article\" \/>\n<meta property=\"og:title\" content=\"Studio de Photographie ,Sp\u00e9cialiste de la photo d\u2019identit\u00e9 \u00e0 Rennes\" \/>\n<meta property=\"og:description\" content=\"Studio de Photographie Chistophe Lecrenais Sp\u00e9cialiste de la photo d\u2019identit\u00e9 \u00e0 Rennes. 83 rue jean Gueh\u00e9nno Rennes\" \/>\n<meta property=\"og:url\" content=\"https:\/\/www.photo-identite-rennes.fr\/index.php\/contact-studio-photo-identite-a-rennes-christophe-lecrenais\/\" \/>\n<meta property=\"og:site_name\" content=\"http:\/\/www.photo-identite-rennes.fr\/\" \/>\n<meta property=\"article:modified_time\" content=\"2026-02-20T10:40:21+00:00\" \/>\n<meta name=\"twitter:card\" content=\"summary_large_image\" \/>\n<meta name=\"twitter:label1\" content=\"Dur\u00e9e de lecture estim\u00e9e\" \/>\n\t<meta name=\"twitter:data1\" content=\"1 minute\" \/>\n<script type=\"application\/ld+json\" class=\"yoast-schema-graph\">{\"@context\":\"https:\/\/schema.org\",\"@graph\":[{\"@type\":\"WebPage\",\"@id\":\"https:\/\/www.photo-identite-rennes.fr\/index.php\/contact-studio-photo-identite-a-rennes-christophe-lecrenais\/\",\"url\":\"https:\/\/www.photo-identite-rennes.fr\/index.php\/contact-studio-photo-identite-a-rennes-christophe-lecrenais\/\",\"name\":\"Studio de Photographie ,Sp\u00e9cialiste de la photo d\u2019identit\u00e9 \u00e0 Rennes\",\"isPartOf\":{\"@id\":\"http:\/\/www.photo-identite-rennes.fr\/#website\"},\"datePublished\":\"2022-06-16T15:38:26+00:00\",\"dateModified\":\"2026-02-20T10:40:21+00:00\",\"description\":\"Studio de Photographie Chistophe Lecrenais Sp\u00e9cialiste de la photo d\u2019identit\u00e9 \u00e0 Rennes. 83 rue jean Gueh\u00e9nno Rennes\",\"breadcrumb\":{\"@id\":\"https:\/\/www.photo-identite-rennes.fr\/index.php\/contact-studio-photo-identite-a-rennes-christophe-lecrenais\/#breadcrumb\"},\"inLanguage\":\"fr-FR\",\"potentialAction\":[{\"@type\":\"ReadAction\",\"target\":[\"https:\/\/www.photo-identite-rennes.fr\/index.php\/contact-studio-photo-identite-a-rennes-christophe-lecrenais\/\"]}]},{\"@type\":\"BreadcrumbList\",\"@id\":\"https:\/\/www.photo-identite-rennes.fr\/index.php\/contact-studio-photo-identite-a-rennes-christophe-lecrenais\/#breadcrumb\",\"itemListElement\":[{\"@type\":\"ListItem\",\"position\":1,\"name\":\"Accueil\",\"item\":\"http:\/\/www.photo-identite-rennes.fr\/\"},{\"@type\":\"ListItem\",\"position\":2,\"name\":\"Contact\"}]},{\"@type\":\"WebSite\",\"@id\":\"http:\/\/www.photo-identite-rennes.fr\/#website\",\"url\":\"http:\/\/www.photo-identite-rennes.fr\/\",\"name\":\"http:\/\/www.photo-identite-rennes.fr\/\",\"description\":\"Le sp\u00e9cialiste de la photo d&#039;identit\u00e9 \u00e0 Rennes\",\"publisher\":{\"@id\":\"http:\/\/www.photo-identite-rennes.fr\/#organization\"},\"potentialAction\":[{\"@type\":\"SearchAction\",\"target\":{\"@type\":\"EntryPoint\",\"urlTemplate\":\"http:\/\/www.photo-identite-rennes.fr\/?s={search_term_string}\"},\"query-input\":\"required name=search_term_string\"}],\"inLanguage\":\"fr-FR\"},{\"@type\":\"Organization\",\"@id\":\"http:\/\/www.photo-identite-rennes.fr\/#organization\",\"name\":\"http:\/\/www.photo-identite-rennes.fr\/\",\"url\":\"http:\/\/www.photo-identite-rennes.fr\/\",\"sameAs\":[],\"logo\":{\"@type\":\"ImageObject\",\"inLanguage\":\"fr-FR\",\"@id\":\"http:\/\/www.photo-identite-rennes.fr\/#\/schema\/logo\/image\/\",\"url\":\"https:\/\/www.photo-identite-rennes.fr\/wp-content\/uploads\/2022\/06\/cropped-Christophe-Lecrenais-black-hires-3-scaled.png\",\"contentUrl\":\"https:\/\/www.photo-identite-rennes.fr\/wp-content\/uploads\/2022\/06\/cropped-Christophe-Lecrenais-black-hires-3-scaled.png\",\"width\":2560,\"height\":663,\"caption\":\"http:\/\/www.photo-identite-rennes.fr\/\"},\"image\":{\"@id\":\"http:\/\/www.photo-identite-rennes.fr\/#\/schema\/logo\/image\/\"}}]}<\/script>\n<!-- \/ Yoast SEO plugin. -->","yoast_head_json":{"title":"Studio de Photographie ,Sp\u00e9cialiste de la photo d\u2019identit\u00e9 \u00e0 Rennes","description":"Studio de Photographie Chistophe Lecrenais Sp\u00e9cialiste de la photo d\u2019identit\u00e9 \u00e0 Rennes. 83 rue jean Gueh\u00e9nno Rennes","robots":{"index":"index","follow":"follow","max-snippet":"max-snippet:-1","max-image-preview":"max-image-preview:large","max-video-preview":"max-video-preview:-1"},"canonical":"https:\/\/www.photo-identite-rennes.fr\/index.php\/contact-studio-photo-identite-a-rennes-christophe-lecrenais\/","og_locale":"fr_FR","og_type":"article","og_title":"Studio de Photographie ,Sp\u00e9cialiste de la photo d\u2019identit\u00e9 \u00e0 Rennes","og_description":"Studio de Photographie Chistophe Lecrenais Sp\u00e9cialiste de la photo d\u2019identit\u00e9 \u00e0 Rennes. 83 rue jean Gueh\u00e9nno Rennes","og_url":"https:\/\/www.photo-identite-rennes.fr\/index.php\/contact-studio-photo-identite-a-rennes-christophe-lecrenais\/","og_site_name":"http:\/\/www.photo-identite-rennes.fr\/","article_modified_time":"2026-02-20T10:40:21+00:00","twitter_card":"summary_large_image","twitter_misc":{"Dur\u00e9e de lecture estim\u00e9e":"1 minute"},"schema":{"@context":"https:\/\/schema.org","@graph":[{"@type":"WebPage","@id":"https:\/\/www.photo-identite-rennes.fr\/index.php\/contact-studio-photo-identite-a-rennes-christophe-lecrenais\/","url":"https:\/\/www.photo-identite-rennes.fr\/index.php\/contact-studio-photo-identite-a-rennes-christophe-lecrenais\/","name":"Studio de Photographie ,Sp\u00e9cialiste de la photo d\u2019identit\u00e9 \u00e0 Rennes","isPartOf":{"@id":"http:\/\/www.photo-identite-rennes.fr\/#website"},"datePublished":"2022-06-16T15:38:26+00:00","dateModified":"2026-02-20T10:40:21+00:00","description":"Studio de Photographie Chistophe Lecrenais Sp\u00e9cialiste de la photo d\u2019identit\u00e9 \u00e0 Rennes. 83 rue jean Gueh\u00e9nno Rennes","breadcrumb":{"@id":"https:\/\/www.photo-identite-rennes.fr\/index.php\/contact-studio-photo-identite-a-rennes-christophe-lecrenais\/#breadcrumb"},"inLanguage":"fr-FR","potentialAction":[{"@type":"ReadAction","target":["https:\/\/www.photo-identite-rennes.fr\/index.php\/contact-studio-photo-identite-a-rennes-christophe-lecrenais\/"]}]},{"@type":"BreadcrumbList","@id":"https:\/\/www.photo-identite-rennes.fr\/index.php\/contact-studio-photo-identite-a-rennes-christophe-lecrenais\/#breadcrumb","itemListElement":[{"@type":"ListItem","position":1,"name":"Accueil","item":"http:\/\/www.photo-identite-rennes.fr\/"},{"@type":"ListItem","position":2,"name":"Contact"}]},{"@type":"WebSite","@id":"http:\/\/www.photo-identite-rennes.fr\/#website","url":"http:\/\/www.photo-identite-rennes.fr\/","name":"http:\/\/www.photo-identite-rennes.fr\/","description":"Le sp\u00e9cialiste de la photo d&#039;identit\u00e9 \u00e0 Rennes","publisher":{"@id":"http:\/\/www.photo-identite-rennes.fr\/#organization"},"potentialAction":[{"@type":"SearchAction","target":{"@type":"EntryPoint","urlTemplate":"http:\/\/www.photo-identite-rennes.fr\/?s={search_term_string}"},"query-input":"required name=search_term_string"}],"inLanguage":"fr-FR"},{"@type":"Organization","@id":"http:\/\/www.photo-identite-rennes.fr\/#organization","name":"http:\/\/www.photo-identite-rennes.fr\/","url":"http:\/\/www.photo-identite-rennes.fr\/","sameAs":[],"logo":{"@type":"ImageObject","inLanguage":"fr-FR","@id":"http:\/\/www.photo-identite-rennes.fr\/#\/schema\/logo\/image\/","url":"https:\/\/www.photo-identite-rennes.fr\/wp-content\/uploads\/2022\/06\/cropped-Christophe-Lecrenais-black-hires-3-scaled.png","contentUrl":"https:\/\/www.photo-identite-rennes.fr\/wp-content\/uploads\/2022\/06\/cropped-Christophe-Lecrenais-black-hires-3-scaled.png","width":2560,"height":663,"caption":"http:\/\/www.photo-identite-rennes.fr\/"},"image":{"@id":"http:\/\/www.photo-identite-rennes.fr\/#\/schema\/logo\/image\/"}}]}},"_links":{"self":[{"href":"https:\/\/www.photo-identite-rennes.fr\/index.php\/wp-json\/wp\/v2\/pages\/33","targetHints":{"allow":["GET"]}}],"collection":[{"href":"https:\/\/www.photo-identite-rennes.fr\/index.php\/wp-json\/wp\/v2\/pages"}],"about":[{"href":"https:\/\/www.photo-identite-rennes.fr\/index.php\/wp-json\/wp\/v2\/types\/page"}],"author":[{"embeddable":true,"href":"https:\/\/www.photo-identite-rennes.fr\/index.php\/wp-json\/wp\/v2\/users\/1"}],"replies":[{"embeddable":true,"href":"https:\/\/www.photo-identite-rennes.fr\/index.php\/wp-json\/wp\/v2\/comments?post=33"}],"version-history":[{"count":54,"href":"https:\/\/www.photo-identite-rennes.fr\/index.php\/wp-json\/wp\/v2\/pages\/33\/revisions"}],"predecessor-version":[{"id":907,"href":"https:\/\/www.photo-identite-rennes.fr\/index.php\/wp-json\/wp\/v2\/pages\/33\/revisions\/907"}],"wp:attachment":[{"href":"https:\/\/www.photo-identite-rennes.fr\/index.php\/wp-json\/wp\/v2\/media?parent=33"}],"curies":[{"name":"wp","href":"https:\/\/api.w.org\/{rel}","templated":true}]}}