{"id":298,"date":"2022-06-18T13:26:53","date_gmt":"2022-06-18T11:26:53","guid":{"rendered":"http:\/\/www.photo-identite-rennes.fr\/?page_id=298"},"modified":"2022-06-22T17:16:50","modified_gmt":"2022-06-22T15:16:50","slug":"mentions-legales","status":"publish","type":"page","link":"http:\/\/www.photo-identite-rennes.fr\/index.php\/mentions-legales\/","title":{"rendered":"Mentions L\u00e9gales"},"content":{"rendered":"\n<p>\u200b<\/p>\n\n\n\n<p>Ce site est \u00e9dit\u00e9 par Christophe Lecrenais Photographe, propri\u00e9taire du nom de domaine \u00abphoto-identite-rennes.fr \u00bb.<\/p>\n\n\n\n<p>Domiciliation : 83 rue jean Gu\u00e9h\u00e9nno \u2013 35700 Rennes \u2013 France<br>T\u00e9l\u00e9phone : 02 99 38 03 43 Email :&nbsp;lecrenais@mac.com<\/p>\n\n\n\n<p>SIRET : 49905854300012<\/p>\n\n\n\n<p>Code APE : 7420Z<\/p>\n\n\n\n<p>N\u00b0 de TVA intracommunautaire : FR 41499058543<\/p>\n\n\n\n<p>Christophe Lecrenais Photographe est une entreprise artisanale adh\u00e9rente \u00e0 la&nbsp;FFPMI&nbsp;et inscrite au r\u00e9pertoire de la&nbsp;chambre des m\u00e9tiers d\u2019Ille-et-Vilaine.<\/p>\n\n\n\n<p>Webmaster, Directeur de la publication et Responsable de la r\u00e9daction : Christophe Lecrenais.<\/p>\n\n\n\n<p>H\u00e9bergement : <a href=\"https:\/\/www.hosteur.com\/\">https:\/\/www.hosteur.com\/<\/a>&nbsp; \u2013 SIRET : CH-550-1056728- &#8211; TVA : CHE-114.684.132 \u2013 Route du Lac Lussy 201, 1618 Chatel Saint Denis, Suisse<\/p>\n\n\n\n<p>Propri\u00e9t\u00e9 intellectuelle<\/p>\n\n\n\n<p>Le site est prot\u00e9g\u00e9 au titre de la Propri\u00e9t\u00e9 intellectuelle. Son contenu (photographies, commentaires, informations, articles, marques, logos, images, etc\u2026 et d\u2019une mani\u00e8re g\u00e9n\u00e9rale toutes les donn\u00e9es contenues sur le site) et son arborescence sont prot\u00e9g\u00e9s conform\u00e9ment \u00e0 la l\u00e9gislation en vigueur en France notamment en mati\u00e8re de droit d\u2019auteur, de droit des bases de donn\u00e9es et de droit des marques.<br>Toute repr\u00e9sentation ou reproduction par quelque proc\u00e9d\u00e9 que ce soit, sans accord \u00e9crit pr\u00e9alable de Christophe Lecrenais, constitue un acte de contrefa\u00e7on sanctionn\u00e9 et r\u00e9prim\u00e9 par les dispositions l\u00e9gales en vigueur et le Code de la propri\u00e9t\u00e9 intellectuelle.<\/p>\n\n\n\n<p>Donn\u00e9es \u00e0 caract\u00e8re personnel &amp; RGPD<\/p>\n\n\n\n<p>Cette politique de confidentialit\u00e9 a pour objectif de vous informer sur mes politiques et pratiques concernant la collecte, l\u2019utilisation et la divulgation de toute information que vous soumettez via mon site internet.<\/p>\n\n\n\n<p>Christophe Lecrenais Photographe est responsable du traitement de vos donn\u00e9es collect\u00e9es sur son site Internet <a href=\"https:\/\/www.photo-identite-rennes.fr\">https:\/\/www.photo-identite-rennes.fr<\/a> (formulaire de contact, questionnaire et signature de contrat).<\/p>\n\n\n\n<p>Les donn\u00e9es que vous me communiquez ne seront utilis\u00e9es que pour la bonne gestion de notre relation client-prestataire (organisation de votre s\u00e9ance, remise de devis, facture, \u2026). Elles ne sont enregistr\u00e9es que dans ce but.<br>Je collecte \u00e9galement les informations que vous me fournissez dans vos emails, dans le formulaire de contact ou de vive voix. Ces informations sont collect\u00e9es pour m\u2019aider \u00e0 fournir un service de qualit\u00e9 selon vos attentes.<\/p>\n\n\n\n<p>Il vous sera demand\u00e9 de signer un contrat pour valider votre commande soit de mani\u00e8re manuscrite soit via Lightblue. Ce contrat reprendra vos donn\u00e9es personnelles ainsi que les informations relatives \u00e0 la prestation (date et lieu de la s\u00e9ance, tarif, \u2026).<\/p>\n\n\n\n<p>Je vous soumets des questionnaires pour m\u2019aider \u00e0 mieux comprendre vos attentes et ainsi r\u00e9aliser une prestation qui y r\u00e9pond. Vous n\u2019\u00eates nullement oblig\u00e9 de r\u00e9pondre \u00e0 toutes les questions si vous souhaitez \u00e9viter de fournir certaines informations.<\/p>\n\n\n\n<p>Conform\u00e9ment \u00e0 la l\u00e9gislation en vigueur, la personne physique dont les donn\u00e9es et\/ou les images sont enregistr\u00e9es et trait\u00e9es par Christophe Lecrenais dispose d\u2019un droit d\u2019acc\u00e8s, de modification, de rectification et de suppression (nominatives et\/ou visuelle) la concernant. Vous avez aussi le droit de faire une r\u00e9clamation concernant toute question relative au traitement de ces donn\u00e9es. Vous pouvez exercer ces droits en envoyant un mail \u00e0 lecrenais@mac.com.<\/p>\n\n\n\n<p>Christophe Lecrenais ne vend pas, ne loue pas et ne partage pas vos informations avec des tiers et s\u2019engage \u00e0 prendre toutes les mesures en son pouvoir pour prot\u00e9ger les donn\u00e9es mises \u00e0 sa disposition par ses clients. La solution Lightblue a \u00e9t\u00e9 choisie dans ce sens pour stocker vos donn\u00e9es. Il s\u2019agit de plateformes professionnelles et s\u00e9curis\u00e9es.<\/p>\n\n\n\n<p>Je conserve vos informations aussi longtemps que n\u00e9cessaire pour fournir les services que vous avez demand\u00e9 ou pour d\u2019autres raisons essentielles telles que le respect des obligations l\u00e9gales, la r\u00e9solution des litiges et l\u2019application de mes politiques.<\/p>\n\n\n\n<p>Des cookies enregistrent votre navigation \u00e0 des fins statistiques. Ils me permettent par exemple de mesurer la fr\u00e9quentation de mon site et d\u2019analyser votre parcours sur celui-ci afin de vous offrir une meilleure exp\u00e9rience.<\/p>\n\n\n\n<p>Service de M\u00e9diation<\/p>\n\n\n\n<p>Conform\u00e9ment aux articles L.616-1 et R.616-1 du code de la consommation, l\u2019entreprise Christophe Lecrenais Photographe a&nbsp;souscrit par l\u2019interm\u00e9diaire de la&nbsp;FFPMI&nbsp;un contrat de Service de M\u00e9diation aupr\u00e8s de la&nbsp;soci\u00e9t\u00e9 C&amp;C-M\u00e9diation.&nbsp;Information et saisie num\u00e9rique par formulaire des demandes de m\u00e9diation :&nbsp;www.cc-mediateurconso-bfc.fr. Envoi par voie postale des dossiers : C&amp;C M\u00e9diation 37 Rue des Ch\u00eanes 25480 MISEREY-SALINES.<\/p>\n","protected":false},"excerpt":{"rendered":"<p>\u200b Ce site est \u00e9dit\u00e9 par Christophe Lecrenais Photographe, propri\u00e9taire du nom de domaine \u00abphoto-identite-rennes.fr \u00bb. Domiciliation : 83 rue jean Gu\u00e9h\u00e9nno \u2013 35700 Rennes \u2013 FranceT\u00e9l\u00e9phone : 02 99 38 03 43 Email :&nbsp;lecrenais@mac.com SIRET : 49905854300012 Code APE : 7420Z N\u00b0 de TVA intracommunautaire : FR 41499058543 Christophe Lecrenais Photographe est une entreprise [&hellip;]<\/p>\n","protected":false},"author":1,"featured_media":0,"parent":0,"menu_order":0,"comment_status":"closed","ping_status":"closed","template":"","meta":{"footnotes":""},"class_list":["post-298","page","type-page","status-publish","hentry","entry"],"yoast_head":"<!-- This site is optimized with the Yoast SEO plugin v19.5.1 - https:\/\/yoast.com\/wordpress\/plugins\/seo\/ -->\n<title>Mentions L\u00e9gales | http:\/\/www.photo-identite-rennes.fr\/<\/title>\n<meta name=\"robots\" content=\"index, follow, max-snippet:-1, max-image-preview:large, max-video-preview:-1\" \/>\n<link rel=\"canonical\" href=\"http:\/\/www.photo-identite-rennes.fr\/index.php\/mentions-legales\/\" \/>\n<meta property=\"og:locale\" content=\"fr_FR\" \/>\n<meta property=\"og:type\" content=\"article\" \/>\n<meta property=\"og:title\" content=\"Mentions L\u00e9gales | http:\/\/www.photo-identite-rennes.fr\/\" \/>\n<meta property=\"og:description\" content=\"\u200b Ce site est \u00e9dit\u00e9 par Christophe Lecrenais Photographe, propri\u00e9taire du nom de domaine \u00abphoto-identite-rennes.fr \u00bb. Domiciliation : 83 rue jean Gu\u00e9h\u00e9nno \u2013 35700 Rennes \u2013 FranceT\u00e9l\u00e9phone : 02 99 38 03 43 Email :&nbsp;lecrenais@mac.com SIRET : 49905854300012 Code APE : 7420Z N\u00b0 de TVA intracommunautaire : FR 41499058543 Christophe Lecrenais Photographe est une entreprise [&hellip;]\" \/>\n<meta property=\"og:url\" content=\"http:\/\/www.photo-identite-rennes.fr\/index.php\/mentions-legales\/\" \/>\n<meta property=\"og:site_name\" content=\"http:\/\/www.photo-identite-rennes.fr\/\" \/>\n<meta property=\"article:modified_time\" content=\"2022-06-22T15:16:50+00:00\" \/>\n<meta name=\"twitter:card\" content=\"summary_large_image\" \/>\n<meta name=\"twitter:label1\" content=\"Dur\u00e9e de lecture estim\u00e9e\" \/>\n\t<meta name=\"twitter:data1\" content=\"4 minutes\" \/>\n<script type=\"application\/ld+json\" class=\"yoast-schema-graph\">{\"@context\":\"https:\/\/schema.org\",\"@graph\":[{\"@type\":\"WebPage\",\"@id\":\"http:\/\/www.photo-identite-rennes.fr\/index.php\/mentions-legales\/\",\"url\":\"http:\/\/www.photo-identite-rennes.fr\/index.php\/mentions-legales\/\",\"name\":\"Mentions L\u00e9gales | http:\/\/www.photo-identite-rennes.fr\/\",\"isPartOf\":{\"@id\":\"http:\/\/www.photo-identite-rennes.fr\/#website\"},\"datePublished\":\"2022-06-18T11:26:53+00:00\",\"dateModified\":\"2022-06-22T15:16:50+00:00\",\"breadcrumb\":{\"@id\":\"http:\/\/www.photo-identite-rennes.fr\/index.php\/mentions-legales\/#breadcrumb\"},\"inLanguage\":\"fr-FR\",\"potentialAction\":[{\"@type\":\"ReadAction\",\"target\":[\"http:\/\/www.photo-identite-rennes.fr\/index.php\/mentions-legales\/\"]}]},{\"@type\":\"BreadcrumbList\",\"@id\":\"http:\/\/www.photo-identite-rennes.fr\/index.php\/mentions-legales\/#breadcrumb\",\"itemListElement\":[{\"@type\":\"ListItem\",\"position\":1,\"name\":\"Accueil\",\"item\":\"http:\/\/www.photo-identite-rennes.fr\/\"},{\"@type\":\"ListItem\",\"position\":2,\"name\":\"Mentions L\u00e9gales\"}]},{\"@type\":\"WebSite\",\"@id\":\"http:\/\/www.photo-identite-rennes.fr\/#website\",\"url\":\"http:\/\/www.photo-identite-rennes.fr\/\",\"name\":\"http:\/\/www.photo-identite-rennes.fr\/\",\"description\":\"Le sp\u00e9cialiste de la photo d&#039;identit\u00e9 \u00e0 Rennes\",\"publisher\":{\"@id\":\"http:\/\/www.photo-identite-rennes.fr\/#organization\"},\"potentialAction\":[{\"@type\":\"SearchAction\",\"target\":{\"@type\":\"EntryPoint\",\"urlTemplate\":\"http:\/\/www.photo-identite-rennes.fr\/?s={search_term_string}\"},\"query-input\":\"required name=search_term_string\"}],\"inLanguage\":\"fr-FR\"},{\"@type\":\"Organization\",\"@id\":\"http:\/\/www.photo-identite-rennes.fr\/#organization\",\"name\":\"http:\/\/www.photo-identite-rennes.fr\/\",\"url\":\"http:\/\/www.photo-identite-rennes.fr\/\",\"sameAs\":[],\"logo\":{\"@type\":\"ImageObject\",\"inLanguage\":\"fr-FR\",\"@id\":\"http:\/\/www.photo-identite-rennes.fr\/#\/schema\/logo\/image\/\",\"url\":\"http:\/\/www.photo-identite-rennes.fr\/wp-content\/uploads\/2022\/06\/cropped-Christophe-Lecrenais-black-hires-3-scaled.png\",\"contentUrl\":\"http:\/\/www.photo-identite-rennes.fr\/wp-content\/uploads\/2022\/06\/cropped-Christophe-Lecrenais-black-hires-3-scaled.png\",\"width\":2560,\"height\":663,\"caption\":\"http:\/\/www.photo-identite-rennes.fr\/\"},\"image\":{\"@id\":\"http:\/\/www.photo-identite-rennes.fr\/#\/schema\/logo\/image\/\"}}]}<\/script>\n<!-- \/ Yoast SEO plugin. -->","yoast_head_json":{"title":"Mentions L\u00e9gales | http:\/\/www.photo-identite-rennes.fr\/","robots":{"index":"index","follow":"follow","max-snippet":"max-snippet:-1","max-image-preview":"max-image-preview:large","max-video-preview":"max-video-preview:-1"},"canonical":"http:\/\/www.photo-identite-rennes.fr\/index.php\/mentions-legales\/","og_locale":"fr_FR","og_type":"article","og_title":"Mentions L\u00e9gales | http:\/\/www.photo-identite-rennes.fr\/","og_description":"\u200b Ce site est \u00e9dit\u00e9 par Christophe Lecrenais Photographe, propri\u00e9taire du nom de domaine \u00abphoto-identite-rennes.fr \u00bb. Domiciliation : 83 rue jean Gu\u00e9h\u00e9nno \u2013 35700 Rennes \u2013 FranceT\u00e9l\u00e9phone : 02 99 38 03 43 Email :&nbsp;lecrenais@mac.com SIRET : 49905854300012 Code APE : 7420Z N\u00b0 de TVA intracommunautaire : FR 41499058543 Christophe Lecrenais Photographe est une entreprise [&hellip;]","og_url":"http:\/\/www.photo-identite-rennes.fr\/index.php\/mentions-legales\/","og_site_name":"http:\/\/www.photo-identite-rennes.fr\/","article_modified_time":"2022-06-22T15:16:50+00:00","twitter_card":"summary_large_image","twitter_misc":{"Dur\u00e9e de lecture estim\u00e9e":"4 minutes"},"schema":{"@context":"https:\/\/schema.org","@graph":[{"@type":"WebPage","@id":"http:\/\/www.photo-identite-rennes.fr\/index.php\/mentions-legales\/","url":"http:\/\/www.photo-identite-rennes.fr\/index.php\/mentions-legales\/","name":"Mentions L\u00e9gales | http:\/\/www.photo-identite-rennes.fr\/","isPartOf":{"@id":"http:\/\/www.photo-identite-rennes.fr\/#website"},"datePublished":"2022-06-18T11:26:53+00:00","dateModified":"2022-06-22T15:16:50+00:00","breadcrumb":{"@id":"http:\/\/www.photo-identite-rennes.fr\/index.php\/mentions-legales\/#breadcrumb"},"inLanguage":"fr-FR","potentialAction":[{"@type":"ReadAction","target":["http:\/\/www.photo-identite-rennes.fr\/index.php\/mentions-legales\/"]}]},{"@type":"BreadcrumbList","@id":"http:\/\/www.photo-identite-rennes.fr\/index.php\/mentions-legales\/#breadcrumb","itemListElement":[{"@type":"ListItem","position":1,"name":"Accueil","item":"http:\/\/www.photo-identite-rennes.fr\/"},{"@type":"ListItem","position":2,"name":"Mentions L\u00e9gales"}]},{"@type":"WebSite","@id":"http:\/\/www.photo-identite-rennes.fr\/#website","url":"http:\/\/www.photo-identite-rennes.fr\/","name":"http:\/\/www.photo-identite-rennes.fr\/","description":"Le sp\u00e9cialiste de la photo d&#039;identit\u00e9 \u00e0 Rennes","publisher":{"@id":"http:\/\/www.photo-identite-rennes.fr\/#organization"},"potentialAction":[{"@type":"SearchAction","target":{"@type":"EntryPoint","urlTemplate":"http:\/\/www.photo-identite-rennes.fr\/?s={search_term_string}"},"query-input":"required name=search_term_string"}],"inLanguage":"fr-FR"},{"@type":"Organization","@id":"http:\/\/www.photo-identite-rennes.fr\/#organization","name":"http:\/\/www.photo-identite-rennes.fr\/","url":"http:\/\/www.photo-identite-rennes.fr\/","sameAs":[],"logo":{"@type":"ImageObject","inLanguage":"fr-FR","@id":"http:\/\/www.photo-identite-rennes.fr\/#\/schema\/logo\/image\/","url":"http:\/\/www.photo-identite-rennes.fr\/wp-content\/uploads\/2022\/06\/cropped-Christophe-Lecrenais-black-hires-3-scaled.png","contentUrl":"http:\/\/www.photo-identite-rennes.fr\/wp-content\/uploads\/2022\/06\/cropped-Christophe-Lecrenais-black-hires-3-scaled.png","width":2560,"height":663,"caption":"http:\/\/www.photo-identite-rennes.fr\/"},"image":{"@id":"http:\/\/www.photo-identite-rennes.fr\/#\/schema\/logo\/image\/"}}]}},"_links":{"self":[{"href":"http:\/\/www.photo-identite-rennes.fr\/index.php\/wp-json\/wp\/v2\/pages\/298","targetHints":{"allow":["GET"]}}],"collection":[{"href":"http:\/\/www.photo-identite-rennes.fr\/index.php\/wp-json\/wp\/v2\/pages"}],"about":[{"href":"http:\/\/www.photo-identite-rennes.fr\/index.php\/wp-json\/wp\/v2\/types\/page"}],"author":[{"embeddable":true,"href":"http:\/\/www.photo-identite-rennes.fr\/index.php\/wp-json\/wp\/v2\/users\/1"}],"replies":[{"embeddable":true,"href":"http:\/\/www.photo-identite-rennes.fr\/index.php\/wp-json\/wp\/v2\/comments?post=298"}],"version-history":[{"count":6,"href":"http:\/\/www.photo-identite-rennes.fr\/index.php\/wp-json\/wp\/v2\/pages\/298\/revisions"}],"predecessor-version":[{"id":839,"href":"http:\/\/www.photo-identite-rennes.fr\/index.php\/wp-json\/wp\/v2\/pages\/298\/revisions\/839"}],"wp:attachment":[{"href":"http:\/\/www.photo-identite-rennes.fr\/index.php\/wp-json\/wp\/v2\/media?parent=298"}],"curies":[{"name":"wp","href":"https:\/\/api.w.org\/{rel}","templated":true}]}}